{"id":14,"date":"2024-11-04T13:25:39","date_gmt":"2024-11-04T12:25:39","guid":{"rendered":"http:\/\/transrozliczanie.com\/?page_id=14"},"modified":"2024-12-14T09:35:56","modified_gmt":"2024-12-14T08:35:56","slug":"o-firmie","status":"publish","type":"page","link":"https:\/\/transrozliczanie.pl\/index.php\/o-firmie\/","title":{"rendered":"O firmie"},"content":{"rendered":"\t\t<div data-elementor-type=\"wp-page\" data-elementor-id=\"14\" class=\"elementor elementor-14\">\n\t\t\t\t<div class=\"elementor-element elementor-element-35a2ae4f e-flex e-con-boxed e-con e-parent\" data-id=\"35a2ae4f\" data-element_type=\"container\">\n\t\t\t\t\t<div class=\"e-con-inner\">\n\t\t\t\t<div class=\"elementor-element elementor-element-5abd5b5a elementor-widget elementor-widget-heading\" data-id=\"5abd5b5a\" data-element_type=\"widget\" data-widget_type=\"heading.default\">\n\t\t\t\t<div class=\"elementor-widget-container\">\n\t\t\t<h2 class=\"elementor-heading-title elementor-size-default\"><b>O firmie<\/b><\/h2>\t\t<\/div>\n\t\t\t\t<\/div>\n\t\t\t\t\t<\/div>\n\t\t\t\t<\/div>\n\t\t<div class=\"elementor-element elementor-element-35d3f8d e-flex e-con-boxed e-con e-parent\" data-id=\"35d3f8d\" data-element_type=\"container\">\n\t\t\t\t\t<div class=\"e-con-inner\">\n\t\t<div class=\"elementor-element elementor-element-117a2c0 e-con-full e-flex e-con e-child\" data-id=\"117a2c0\" data-element_type=\"container\">\n\t\t\t\t<div class=\"elementor-element elementor-element-b02f872 elementor-widget elementor-widget-heading\" data-id=\"b02f872\" data-element_type=\"widget\" data-widget_type=\"heading.default\">\n\t\t\t\t<div class=\"elementor-widget-container\">\n\t\t\t<h2 class=\"elementor-heading-title elementor-size-default\">Firma Transrozliczanie zajmuje si\u0119 kompleksow\u0105 obs\u0142ug\u0105 firm transportowych na terenie ca\u0142ej Polski. <\/h2>\t\t<\/div>\n\t\t\t\t<\/div>\n\t\t\t\t<div class=\"elementor-element elementor-element-4f6c71d elementor-widget elementor-widget-text-editor\" data-id=\"4f6c71d\" data-element_type=\"widget\" data-widget_type=\"text-editor.default\">\n\t\t\t\t<div class=\"elementor-widget-container\">\n\t\t\t\t\t\t\t<p>Siedziba firmy znajduje\u00a0si\u0119 w\u00a0miejscowo\u015bci\u00a0Maciejowa na\u00a0terenie wojew\u00f3dztwa ma\u0142opolskiego. Prowadzimy wsp\u00f3\u0142prac\u0119 zar\u00f3wno z\u00a0ma\u0142ymi, jak i\u00a0du\u017cymi firmami.<\/p><p>Przygotowujemy firmy transportowe do\u00a0kontroli ITD (Inspekcji Transportu Drogowego) oraz\u00a0Pa\u0144stwowej Inspekcji Pracy. Dbamy o\u00a0porz\u0105dek w\u00a0dokumentacji.<\/p><p>W ramach naszych us\u0142ug prowadzimy ewidencje oraz\u00a0rozliczanie czasu pracy kierowc\u00f3w,\u00a0<a href=\"https:\/\/transrozliczanie.pl\/index.php\/oferta\">rozliczanie delegacji krajowych i\u00a0zagranicznych\u00a0<\/a>\u00a0(diety i\u00a0rycza\u0142ty noclegowe), analiz\u0119 danych z\u00a0wykres\u00f3wek, kart kierowc\u00f3w, tachograf\u00f3w cyfrowych oraz\u00a0analiz\u0119 narusze\u0144. Nasza praca pozwala na\u00a0dok\u0142adne sprawdzanie aktywno\u015bci poszczeg\u00f3lnych kierowc\u00f3w na\u00a0podstawie sporz\u0105dzanych wykres\u00f3w. Prowadzimy szkolenia dla kierowc\u00f3w, doradztwo telefoniczne oraz\u00a0archiwizujemy dane.<\/p><p>Zajmujemy\u00a0si\u0119 r\u00f3wnie\u017c\u00a0<strong>rozliczaniem p\u0142acy minimalnej obowi\u0105zuj\u0105cej w\u00a0krajach Unii Europejskiej<\/strong>\u00a0(Niemcy, Francja, Norwegia, Austria, W\u0142ochy) dla dzia\u0142alno\u015bci transportowej. Oferujemy pe\u0142ne wsparcie, zar\u00f3wno w\u00a0wymiarze tygodniowego, jak i\u00a0dziennego czasu pracy.<\/p><p>Zapraszamy do\u00a0skorzystania z\u00a0naszych us\u0142ug! Nasze dzia\u0142ania pozwol\u0105 zapewni\u0107 bezpiecze\u0144stwo oraz\u00a0sprawn\u0105 organizacj\u0119 pracy Twojej flocie transportowej.<\/p>\t\t\t\t\t\t<\/div>\n\t\t\t\t<\/div>\n\t\t\t\t<\/div>\n\t\t<div class=\"elementor-element elementor-element-43361d7 e-con-full e-flex e-con e-child\" data-id=\"43361d7\" data-element_type=\"container\">\n\t\t\t\t<div class=\"elementor-element elementor-element-9c57112 elementor-widget elementor-widget-image\" data-id=\"9c57112\" data-element_type=\"widget\" data-widget_type=\"image.default\">\n\t\t\t\t<div class=\"elementor-widget-container\">\n\t\t\t\t\t\t\t\t\t\t\t\t\t<img fetchpriority=\"high\" decoding=\"async\" width=\"326\" height=\"424\" src=\"https:\/\/transrozliczanie.pl\/wp-content\/uploads\/2024\/11\/pion.png\" class=\"attachment-2048x2048 size-2048x2048 wp-image-70\" alt=\"\" srcset=\"https:\/\/transrozliczanie.pl\/wp-content\/uploads\/2024\/11\/pion.png 326w, https:\/\/transrozliczanie.pl\/wp-content\/uploads\/2024\/11\/pion-231x300.png 231w\" sizes=\"(max-width: 326px) 100vw, 326px\" \/>\t\t\t\t\t\t\t\t\t\t\t\t\t<\/div>\n\t\t\t\t<\/div>\n\t\t\t\t<\/div>\n\t\t\t\t\t<\/div>\n\t\t\t\t<\/div>\n\t\t\t\t<\/div>\n\t\t","protected":false},"excerpt":{"rendered":"<p>O firmie Firma Transrozliczanie zajmuje si\u0119 kompleksow\u0105 obs\u0142ug\u0105 firm transportowych na terenie ca\u0142ej Polski. Siedziba firmy znajduje\u00a0si\u0119 w\u00a0miejscowo\u015bci\u00a0Maciejowa na\u00a0terenie wojew\u00f3dztwa ma\u0142opolskiego. Prowadzimy wsp\u00f3\u0142prac\u0119 zar\u00f3wno z\u00a0ma\u0142ymi, jak i\u00a0du\u017cymi firmami. Przygotowujemy firmy transportowe do\u00a0kontroli ITD (Inspekcji Transportu Drogowego) oraz\u00a0Pa\u0144stwowej Inspekcji Pracy. Dbamy o\u00a0porz\u0105dek w\u00a0dokumentacji. W ramach naszych us\u0142ug prowadzimy ewidencje oraz\u00a0rozliczanie czasu pracy kierowc\u00f3w,\u00a0rozliczanie delegacji krajowych i\u00a0zagranicznych\u00a0\u00a0(diety [&hellip;]<\/p>\n","protected":false},"author":1,"featured_media":0,"parent":0,"menu_order":0,"comment_status":"closed","ping_status":"closed","template":"","meta":{"ocean_post_layout":"full-screen","ocean_both_sidebars_style":"","ocean_both_sidebars_content_width":0,"ocean_both_sidebars_sidebars_width":0,"ocean_sidebar":"","ocean_second_sidebar":"","ocean_disable_margins":"enable","ocean_add_body_class":"","ocean_shortcode_before_top_bar":"","ocean_shortcode_after_top_bar":"","ocean_shortcode_before_header":"","ocean_shortcode_after_header":"","ocean_has_shortcode":"","ocean_shortcode_after_title":"","ocean_shortcode_before_footer_widgets":"","ocean_shortcode_after_footer_widgets":"","ocean_shortcode_before_footer_bottom":"","ocean_shortcode_after_footer_bottom":"","ocean_display_top_bar":"off","ocean_display_header":"default","ocean_header_style":"","ocean_center_header_left_menu":"","ocean_custom_header_template":"","ocean_custom_logo":0,"ocean_custom_retina_logo":0,"ocean_custom_logo_max_width":0,"ocean_custom_logo_tablet_max_width":0,"ocean_custom_logo_mobile_max_width":0,"ocean_custom_logo_max_height":0,"ocean_custom_logo_tablet_max_height":0,"ocean_custom_logo_mobile_max_height":0,"ocean_header_custom_menu":"","ocean_menu_typo_font_family":"","ocean_menu_typo_font_subset":"","ocean_menu_typo_font_size":0,"ocean_menu_typo_font_size_tablet":0,"ocean_menu_typo_font_size_mobile":0,"ocean_menu_typo_font_size_unit":"px","ocean_menu_typo_font_weight":"","ocean_menu_typo_font_weight_tablet":"","ocean_menu_typo_font_weight_mobile":"","ocean_menu_typo_transform":"","ocean_menu_typo_transform_tablet":"","ocean_menu_typo_transform_mobile":"","ocean_menu_typo_line_height":0,"ocean_menu_typo_line_height_tablet":0,"ocean_menu_typo_line_height_mobile":0,"ocean_menu_typo_line_height_unit":"","ocean_menu_typo_spacing":0,"ocean_menu_typo_spacing_tablet":0,"ocean_menu_typo_spacing_mobile":0,"ocean_menu_typo_spacing_unit":"","ocean_menu_link_color":"","ocean_menu_link_color_hover":"","ocean_menu_link_color_active":"","ocean_menu_link_background":"","ocean_menu_link_hover_background":"","ocean_menu_link_active_background":"","ocean_menu_social_links_bg":"","ocean_menu_social_hover_links_bg":"","ocean_menu_social_links_color":"","ocean_menu_social_hover_links_color":"","ocean_disable_title":"on","ocean_disable_heading":"default","ocean_post_title":"","ocean_post_subheading":"","ocean_post_title_style":"","ocean_post_title_background_color":"","ocean_post_title_background":0,"ocean_post_title_bg_image_position":"","ocean_post_title_bg_image_attachment":"","ocean_post_title_bg_image_repeat":"","ocean_post_title_bg_image_size":"","ocean_post_title_height":0,"ocean_post_title_bg_overlay":0.5,"ocean_post_title_bg_overlay_color":"","ocean_disable_breadcrumbs":"default","ocean_breadcrumbs_color":"","ocean_breadcrumbs_separator_color":"","ocean_breadcrumbs_links_color":"","ocean_breadcrumbs_links_hover_color":"","ocean_display_footer_widgets":"off","ocean_display_footer_bottom":"on","ocean_custom_footer_template":"","footnotes":""},"class_list":["post-14","page","type-page","status-publish","hentry","entry"],"_links":{"self":[{"href":"https:\/\/transrozliczanie.pl\/index.php\/wp-json\/wp\/v2\/pages\/14","targetHints":{"allow":["GET"]}}],"collection":[{"href":"https:\/\/transrozliczanie.pl\/index.php\/wp-json\/wp\/v2\/pages"}],"about":[{"href":"https:\/\/transrozliczanie.pl\/index.php\/wp-json\/wp\/v2\/types\/page"}],"author":[{"embeddable":true,"href":"https:\/\/transrozliczanie.pl\/index.php\/wp-json\/wp\/v2\/users\/1"}],"replies":[{"embeddable":true,"href":"https:\/\/transrozliczanie.pl\/index.php\/wp-json\/wp\/v2\/comments?post=14"}],"version-history":[{"count":14,"href":"https:\/\/transrozliczanie.pl\/index.php\/wp-json\/wp\/v2\/pages\/14\/revisions"}],"predecessor-version":[{"id":412,"href":"https:\/\/transrozliczanie.pl\/index.php\/wp-json\/wp\/v2\/pages\/14\/revisions\/412"}],"wp:attachment":[{"href":"https:\/\/transrozliczanie.pl\/index.php\/wp-json\/wp\/v2\/media?parent=14"}],"curies":[{"name":"wp","href":"https:\/\/api.w.org\/{rel}","templated":true}]}}