{"id":16,"date":"2024-11-04T13:25:56","date_gmt":"2024-11-04T12:25:56","guid":{"rendered":"http:\/\/transrozliczanie.com\/?page_id=16"},"modified":"2024-12-14T10:00:42","modified_gmt":"2024-12-14T09:00:42","slug":"oferta","status":"publish","type":"page","link":"https:\/\/transrozliczanie.pl\/index.php\/oferta\/","title":{"rendered":"Oferta"},"content":{"rendered":"\t\t<div data-elementor-type=\"wp-page\" data-elementor-id=\"16\" class=\"elementor elementor-16\">\n\t\t\t\t<div class=\"elementor-element elementor-element-2bc6cd95 e-flex e-con-boxed e-con e-parent\" data-id=\"2bc6cd95\" data-element_type=\"container\">\n\t\t\t\t\t<div class=\"e-con-inner\">\n\t\t\t\t<div class=\"elementor-element elementor-element-7eb9c6e6 elementor-widget elementor-widget-heading\" data-id=\"7eb9c6e6\" data-element_type=\"widget\" data-widget_type=\"heading.default\">\n\t\t\t\t<div class=\"elementor-widget-container\">\n\t\t\t<h2 class=\"elementor-heading-title elementor-size-default\"><b> Oferta <\/b><\/h2>\t\t<\/div>\n\t\t\t\t<\/div>\n\t\t\t\t\t<\/div>\n\t\t\t\t<\/div>\n\t\t<div class=\"elementor-element elementor-element-59b2bd6 e-flex e-con-boxed e-con e-parent\" data-id=\"59b2bd6\" data-element_type=\"container\">\n\t\t\t\t\t<div class=\"e-con-inner\">\n\t\t<div class=\"elementor-element elementor-element-98e0095 e-con-full e-flex e-con e-child\" data-id=\"98e0095\" data-element_type=\"container\">\n\t\t\t\t<div class=\"elementor-element elementor-element-b77f759 elementor-widget elementor-widget-heading\" data-id=\"b77f759\" data-element_type=\"widget\" data-widget_type=\"heading.default\">\n\t\t\t\t<div class=\"elementor-widget-container\">\n\t\t\t<h2 class=\"elementor-heading-title elementor-size-default\">Nasz\u0105 ofert\u0119 kierujemy do ma\u0142ych i du\u017cych firm transportowych na obszarze ca\u0142ej Polski, a w zakres naszych us\u0142ug wchodz\u0105:<\/h2>\t\t<\/div>\n\t\t\t\t<\/div>\n\t\t\t\t<div class=\"elementor-element elementor-element-067b34a elementor-widget elementor-widget-text-editor\" data-id=\"067b34a\" data-element_type=\"widget\" data-widget_type=\"text-editor.default\">\n\t\t\t\t<div class=\"elementor-widget-container\">\n\t\t\t\t\t\t\t<ul><li><strong>Analiza wykres\u00f3wek, danych z\u00a0kart kierowc\u00f3w i\u00a0tachograf\u00f3w cyfrowych<\/strong>\u00a0(sprawdzenie poprawno\u015bci wype\u0142nienia danych, sprawdzenie poprawno\u015bci rejestrowania zdarze\u0144, wskaz\u00f3wki dotycz\u0105ce mo\u017cliwo\u015bci naprawy zaistnia\u0142ych b\u0142\u0119d\u00f3w),<\/li><li><strong>Analiza narusze\u0144<\/strong>\u00a0zgodnie z\u00a0wymaganiami Inspekcji Transportu Drogowego,<\/li><li><strong>Analiza ci\u0105g\u0142o\u015bci danych<\/strong>\u00a0(analiza wirtualnych przemieszcze\u0144, analiza kompletno\u015bci dokumentacji stwierdzaj\u0105cej aktywno\u015b\u0107 kierowcy, zestawienie za\u015bwiadcze\u0144 o\u00a0dzia\u0142alno\u015bci kierowcy),<\/li><li><strong>Analiza czasu pracy kierowcy<\/strong>\u00a0\u2013 zestawienie danych z\u00a0wykres\u00f3wek i\u00a0karty kierowcy (dok\u0142adne obliczenie ilo\u015bci przepracowanych godzin wraz z\u00a0ich\u00a0podzia\u0142em, wskazanie ilo\u015bci narusze\u0144 pope\u0142nianych przez zatrudnionych kierowc\u00f3w),<\/li><li><strong>Analiza czasu pracy pojazdu,<\/strong><\/li><li><strong>Ewidencja czasu pracy kierowcy<\/strong>\u00a0zgodna z\u00a0wymaganiami Pa\u0144stwowej Inspekcji Pracy (wyliczenie nale\u017cnego wynagrodzenia z\u00a0uwzgl\u0119dnieniem godzin nadliczbowych, nocnych, dy\u017cur\u00f3w 50% i\u00a0100%, wnioski i\u00a0za\u015bwiadczenia o\u00a0udzielenie czasu wolnego za\u00a0nadgodziny, wnioski urlopowe, wykroczenia wed\u0142ug PIP),<\/li><li><strong>Szkolenie kierowc\u00f3w<\/strong>\u00a0(przestrzeganie norm czasu pracy, poprawna obs\u0142uga tachograf\u00f3w cyfrowych i\u00a0analogowych),<\/li><li><strong>Doradztwo telefoniczne \/ e-mail<\/strong>\u00a0(udzielanie pomocy oraz\u00a0informacji dla klienta \/ kierowcy),<\/li><li><b>Delegacje Krajowe , Delegowanie pracownika\u00a0 z\u00a0uwzgl\u0119dnieniem rodzaju transportu,<\/b><\/li><li><b>Rejestracja firm w\u00a0systemie IMI oraz\u00a0zg\u0142aszanie kierowc\u00f3w.<\/b><\/li><\/ul><p>Czas wykonania us\u0142ug \u015bwiadczonych przez nasz\u0105 firm\u0119 zale\u017cy od\u00a0ilo\u015bci i\u00a0kompletno\u015bci przes\u0142anych danych oraz\u00a0od\u00a0ustale\u0144 zawartych w\u00a0umowie. G\u0142\u00f3wnym czynnikiem decyduj\u0105cym o\u00a0czasie realizacji s\u0105 potrzeby Klienta.<\/p>\t\t\t\t\t\t<\/div>\n\t\t\t\t<\/div>\n\t\t\t\t<\/div>\n\t\t<div class=\"elementor-element elementor-element-e19cf04 e-con-full e-flex e-con e-child\" data-id=\"e19cf04\" data-element_type=\"container\">\n\t\t\t\t<div class=\"elementor-element elementor-element-f2a0ec8 elementor-widget elementor-widget-image\" data-id=\"f2a0ec8\" data-element_type=\"widget\" data-widget_type=\"image.default\">\n\t\t\t\t<div class=\"elementor-widget-container\">\n\t\t\t\t\t\t\t\t\t\t\t\t\t<img fetchpriority=\"high\" decoding=\"async\" width=\"326\" height=\"424\" src=\"https:\/\/transrozliczanie.pl\/wp-content\/uploads\/2024\/11\/pion.png\" class=\"attachment-2048x2048 size-2048x2048 wp-image-70\" alt=\"\" srcset=\"https:\/\/transrozliczanie.pl\/wp-content\/uploads\/2024\/11\/pion.png 326w, https:\/\/transrozliczanie.pl\/wp-content\/uploads\/2024\/11\/pion-231x300.png 231w\" sizes=\"(max-width: 326px) 100vw, 326px\" \/>\t\t\t\t\t\t\t\t\t\t\t\t\t<\/div>\n\t\t\t\t<\/div>\n\t\t\t\t<\/div>\n\t\t\t\t\t<\/div>\n\t\t\t\t<\/div>\n\t\t\t\t<\/div>\n\t\t","protected":false},"excerpt":{"rendered":"<p>Oferta Nasz\u0105 ofert\u0119 kierujemy do ma\u0142ych i du\u017cych firm transportowych na obszarze ca\u0142ej Polski, a w zakres naszych us\u0142ug wchodz\u0105: Analiza wykres\u00f3wek, danych z\u00a0kart kierowc\u00f3w i\u00a0tachograf\u00f3w cyfrowych\u00a0(sprawdzenie poprawno\u015bci wype\u0142nienia danych, sprawdzenie poprawno\u015bci rejestrowania zdarze\u0144, wskaz\u00f3wki dotycz\u0105ce mo\u017cliwo\u015bci naprawy zaistnia\u0142ych b\u0142\u0119d\u00f3w), Analiza narusze\u0144\u00a0zgodnie z\u00a0wymaganiami Inspekcji Transportu Drogowego, Analiza ci\u0105g\u0142o\u015bci danych\u00a0(analiza wirtualnych przemieszcze\u0144, analiza kompletno\u015bci dokumentacji stwierdzaj\u0105cej [&hellip;]<\/p>\n","protected":false},"author":1,"featured_media":0,"parent":0,"menu_order":0,"comment_status":"closed","ping_status":"closed","template":"","meta":{"ocean_post_layout":"full-screen","ocean_both_sidebars_style":"","ocean_both_sidebars_content_width":0,"ocean_both_sidebars_sidebars_width":0,"ocean_sidebar":"","ocean_second_sidebar":"","ocean_disable_margins":"enable","ocean_add_body_class":"","ocean_shortcode_before_top_bar":"","ocean_shortcode_after_top_bar":"","ocean_shortcode_before_header":"","ocean_shortcode_after_header":"","ocean_has_shortcode":"","ocean_shortcode_after_title":"","ocean_shortcode_before_footer_widgets":"","ocean_shortcode_after_footer_widgets":"","ocean_shortcode_before_footer_bottom":"","ocean_shortcode_after_footer_bottom":"","ocean_display_top_bar":"off","ocean_display_header":"default","ocean_header_style":"","ocean_center_header_left_menu":"","ocean_custom_header_template":"","ocean_custom_logo":0,"ocean_custom_retina_logo":0,"ocean_custom_logo_max_width":0,"ocean_custom_logo_tablet_max_width":0,"ocean_custom_logo_mobile_max_width":0,"ocean_custom_logo_max_height":0,"ocean_custom_logo_tablet_max_height":0,"ocean_custom_logo_mobile_max_height":0,"ocean_header_custom_menu":"","ocean_menu_typo_font_family":"","ocean_menu_typo_font_subset":"","ocean_menu_typo_font_size":0,"ocean_menu_typo_font_size_tablet":0,"ocean_menu_typo_font_size_mobile":0,"ocean_menu_typo_font_size_unit":"px","ocean_menu_typo_font_weight":"","ocean_menu_typo_font_weight_tablet":"","ocean_menu_typo_font_weight_mobile":"","ocean_menu_typo_transform":"","ocean_menu_typo_transform_tablet":"","ocean_menu_typo_transform_mobile":"","ocean_menu_typo_line_height":0,"ocean_menu_typo_line_height_tablet":0,"ocean_menu_typo_line_height_mobile":0,"ocean_menu_typo_line_height_unit":"","ocean_menu_typo_spacing":0,"ocean_menu_typo_spacing_tablet":0,"ocean_menu_typo_spacing_mobile":0,"ocean_menu_typo_spacing_unit":"","ocean_menu_link_color":"","ocean_menu_link_color_hover":"","ocean_menu_link_color_active":"","ocean_menu_link_background":"","ocean_menu_link_hover_background":"","ocean_menu_link_active_background":"","ocean_menu_social_links_bg":"","ocean_menu_social_hover_links_bg":"","ocean_menu_social_links_color":"","ocean_menu_social_hover_links_color":"","ocean_disable_title":"on","ocean_disable_heading":"default","ocean_post_title":"","ocean_post_subheading":"","ocean_post_title_style":"","ocean_post_title_background_color":"","ocean_post_title_background":0,"ocean_post_title_bg_image_position":"","ocean_post_title_bg_image_attachment":"","ocean_post_title_bg_image_repeat":"","ocean_post_title_bg_image_size":"","ocean_post_title_height":0,"ocean_post_title_bg_overlay":0.5,"ocean_post_title_bg_overlay_color":"","ocean_disable_breadcrumbs":"default","ocean_breadcrumbs_color":"","ocean_breadcrumbs_separator_color":"","ocean_breadcrumbs_links_color":"","ocean_breadcrumbs_links_hover_color":"","ocean_display_footer_widgets":"off","ocean_display_footer_bottom":"on","ocean_custom_footer_template":"","footnotes":""},"class_list":["post-16","page","type-page","status-publish","hentry","entry"],"_links":{"self":[{"href":"https:\/\/transrozliczanie.pl\/index.php\/wp-json\/wp\/v2\/pages\/16","targetHints":{"allow":["GET"]}}],"collection":[{"href":"https:\/\/transrozliczanie.pl\/index.php\/wp-json\/wp\/v2\/pages"}],"about":[{"href":"https:\/\/transrozliczanie.pl\/index.php\/wp-json\/wp\/v2\/types\/page"}],"author":[{"embeddable":true,"href":"https:\/\/transrozliczanie.pl\/index.php\/wp-json\/wp\/v2\/users\/1"}],"replies":[{"embeddable":true,"href":"https:\/\/transrozliczanie.pl\/index.php\/wp-json\/wp\/v2\/comments?post=16"}],"version-history":[{"count":14,"href":"https:\/\/transrozliczanie.pl\/index.php\/wp-json\/wp\/v2\/pages\/16\/revisions"}],"predecessor-version":[{"id":421,"href":"https:\/\/transrozliczanie.pl\/index.php\/wp-json\/wp\/v2\/pages\/16\/revisions\/421"}],"wp:attachment":[{"href":"https:\/\/transrozliczanie.pl\/index.php\/wp-json\/wp\/v2\/media?parent=16"}],"curies":[{"name":"wp","href":"https:\/\/api.w.org\/{rel}","templated":true}]}}