{"id":18,"date":"2024-11-04T13:26:14","date_gmt":"2024-11-04T12:26:14","guid":{"rendered":"http:\/\/transrozliczanie.com\/?page_id=18"},"modified":"2024-11-05T21:32:24","modified_gmt":"2024-11-05T20:32:24","slug":"aktualnosci","status":"publish","type":"page","link":"https:\/\/transrozliczanie.pl\/index.php\/aktualnosci\/","title":{"rendered":"Aktualno\u015bci"},"content":{"rendered":"\t\t<div data-elementor-type=\"wp-page\" data-elementor-id=\"18\" class=\"elementor elementor-18\">\n\t\t\t\t<div class=\"elementor-element elementor-element-69c5e8d e-flex e-con-boxed e-con e-parent\" data-id=\"69c5e8d\" data-element_type=\"container\">\n\t\t\t\t\t<div class=\"e-con-inner\">\n\t\t\t\t<div class=\"elementor-element elementor-element-14532d47 elementor-widget elementor-widget-heading\" data-id=\"14532d47\" data-element_type=\"widget\" data-widget_type=\"heading.default\">\n\t\t\t\t<div class=\"elementor-widget-container\">\n\t\t\t<h2 class=\"elementor-heading-title elementor-size-default\"><b>Aktualno\u015bci<\/b><\/h2>\t\t<\/div>\n\t\t\t\t<\/div>\n\t\t\t\t\t<\/div>\n\t\t\t\t<\/div>\n\t\t<div class=\"elementor-element elementor-element-23df790d e-flex e-con-boxed e-con e-parent\" data-id=\"23df790d\" data-element_type=\"container\">\n\t\t\t\t\t<div class=\"e-con-inner\">\n\t\t<div class=\"elementor-element elementor-element-2bdc3d29 e-con-full e-flex e-con e-child\" data-id=\"2bdc3d29\" data-element_type=\"container\">\n\t\t\t\t<div class=\"elementor-element elementor-element-111b3a68 elementor-widget elementor-widget-heading\" data-id=\"111b3a68\" data-element_type=\"widget\" data-widget_type=\"heading.default\">\n\t\t\t\t<div class=\"elementor-widget-container\">\n\t\t\t<h2 class=\"elementor-heading-title elementor-size-default\">Pakiet Mobilno\u015bci  LUTY 2022<\/h2>\t\t<\/div>\n\t\t\t\t<\/div>\n\t\t\t\t<div class=\"elementor-element elementor-element-7db95258 elementor-widget elementor-widget-heading\" data-id=\"7db95258\" data-element_type=\"widget\" data-widget_type=\"heading.default\">\n\t\t\t\t<div class=\"elementor-widget-container\">\n\t\t\t<h2 class=\"elementor-heading-title elementor-size-default\">13.01.2022<\/h2>\t\t<\/div>\n\t\t\t\t<\/div>\n\t\t\t\t<\/div>\n\t\t\t\t<div class=\"elementor-element elementor-element-f5819d3 elementor-widget elementor-widget-text-editor\" data-id=\"f5819d3\" data-element_type=\"widget\" data-widget_type=\"text-editor.default\">\n\t\t\t\t<div class=\"elementor-widget-container\">\n\t\t\t\t\t\t\t<div><strong>Nadchodz\u0105 zmiany dotycz\u0105ce pakietu mobilno\u015bci, wchodz\u0105 w \u017cycie z dniem 02.02.2022r.<\/strong><\/div><ul><li>W ruchu kabota\u017cowym nadal pozostaje regulacja ZEZWALAJ\u0104CA na wykonanie 3 przewoz\u00f3w kabota\u017cowych w ci\u0105gu 7 dni.<br \/>Pakiet Mobilno\u015bci NAK\u0141ADA dodatkowy obowi\u0105zek 4-dniowej PRZERWY pomi\u0119dzy kolejnymi kabota\u017cami !! w tym samym KRAJU !!<\/li><li>Przewo\u017anicy maj\u0105cy pojazdy do 3,5 tony musz\u0105 wykaza\u0107 zdolno\u015b\u0107 finansow\u0105 1800 euro na pierwszy pojazd i 900 euro na ka\u017cdy kolejny pojazd !!<\/li><li>KIEROWCY prowadz\u0105cy samoch\u00f3d powy\u017cej 3.5\u00a0t od\u00a0tego dnia maj\u0105 obowi\u0105zek rejestracji ka\u017cdej przekraczanej granicy na\u00a0tachografie cyfrowym , poprzez\u00a0wprowadzenia kraju rozpocz\u0119cia \u201e skr\u00f3t poszczeg\u00f3lnego kraju\u201d , lub\u00a0\u201ekraju zako\u0144czenia\u201d poprzedniego kraju i\u00a0\u201ekraju rozpocz\u0119cia\u201d kraju do\u00a0kt\u00f3rego wje\u017cd\u017ca.<br \/>Na tachografach analogowych zasada ta\u00a0obowi\u0105zuje ju\u017c od\u00a0sierpnia 2020.<\/li><li>Przewo\u017anik ma obowi\u0105zek zg\u0142oszenie kierowcy kt\u00f3ry wykonuje transport mi\u0119dzynarodowy za pomoc\u0105 <a href=\"https:\/\/ec.europa.eu\/internal_market\/imi-net\/index_pl.htm\">SYSTEMU IMI<\/a> do ka\u017cdego kraju w kt\u00f3rym wykona transport. Utrudnieniem jest to , \u017ce zg\u0142oszenie musi by\u0107 do wszystkich kraj\u00f3w , nawet tych kt\u00f3re dotychczas nie by\u0142y wymagane np . Czechy .<br \/>Zg\u0142oszenie kierowcy nie\u00a0mo\u017ce odby\u0107\u00a0si\u0119 p\u00f3\u017aniej ni\u017c pocz\u0105tek delegowania!<\/li><\/ul>\t\t\t\t\t\t<\/div>\n\t\t\t\t<\/div>\n\t\t\t\t<div class=\"elementor-element elementor-element-4f7b841d elementor-widget-divider--view-line elementor-widget elementor-widget-divider\" data-id=\"4f7b841d\" data-element_type=\"widget\" data-widget_type=\"divider.default\">\n\t\t\t\t<div class=\"elementor-widget-container\">\n\t\t\t\t\t<div class=\"elementor-divider\">\n\t\t\t<span class=\"elementor-divider-separator\">\n\t\t\t\t\t\t<\/span>\n\t\t<\/div>\n\t\t\t\t<\/div>\n\t\t\t\t<\/div>\n\t\t\t\t\t<\/div>\n\t\t\t\t<\/div>\n\t\t<div class=\"elementor-element elementor-element-731bb4d9 e-flex e-con-boxed e-con e-parent\" data-id=\"731bb4d9\" data-element_type=\"container\">\n\t\t\t\t\t<div class=\"e-con-inner\">\n\t\t<div class=\"elementor-element elementor-element-1bea005c e-con-full e-flex e-con e-child\" data-id=\"1bea005c\" data-element_type=\"container\">\n\t\t\t\t<div class=\"elementor-element elementor-element-2bd1eca7 elementor-widget elementor-widget-heading\" data-id=\"2bd1eca7\" data-element_type=\"widget\" data-widget_type=\"heading.default\">\n\t\t\t\t<div class=\"elementor-widget-container\">\n\t\t\t<h2 class=\"elementor-heading-title elementor-size-default\">Masz ju\u017c ETOL? Od 1.12.2021 znikn\u0105 bramki na autostradzie A2 i A4\nPrzygotuj si\u0119!<\/h2>\t\t<\/div>\n\t\t\t\t<\/div>\n\t\t\t\t<div class=\"elementor-element elementor-element-4e952fc5 elementor-widget elementor-widget-heading\" data-id=\"4e952fc5\" data-element_type=\"widget\" data-widget_type=\"heading.default\">\n\t\t\t\t<div class=\"elementor-widget-container\">\n\t\t\t<h2 class=\"elementor-heading-title elementor-size-default\">12.11.2021<\/h2>\t\t<\/div>\n\t\t\t\t<\/div>\n\t\t\t\t<\/div>\n\t\t\t\t<div class=\"elementor-element elementor-element-58d37709 elementor-widget elementor-widget-text-editor\" data-id=\"58d37709\" data-element_type=\"widget\" data-widget_type=\"text-editor.default\">\n\t\t\t\t<div class=\"elementor-widget-container\">\n\t\t\t\t\t\t\t<p>Samochody osobowe powinny posiada\u0107 urz\u0105dzenie OBU lub aplikacj\u0119 mobiln\u0105 Etoll &#8211; zniknie mo\u017cliwo\u015b\u0107 manualnego wykupienia przejazdu na poszczeg\u00f3lnych odcinkach dr\u00f3g!<\/p><ul><li>autostrada A2 na\u00a0odcinku Konin &#8211; Stryk\u00f3w<\/li><li>autostrada A4 na\u00a0odcinku Wroc\u0142aw-So\u015bnica<\/li><\/ul>\t\t\t\t\t\t<\/div>\n\t\t\t\t<\/div>\n\t\t\t\t<div class=\"elementor-element elementor-element-1da97f7d elementor-widget-divider--view-line elementor-widget elementor-widget-divider\" data-id=\"1da97f7d\" data-element_type=\"widget\" data-widget_type=\"divider.default\">\n\t\t\t\t<div class=\"elementor-widget-container\">\n\t\t\t\t\t<div class=\"elementor-divider\">\n\t\t\t<span class=\"elementor-divider-separator\">\n\t\t\t\t\t\t<\/span>\n\t\t<\/div>\n\t\t\t\t<\/div>\n\t\t\t\t<\/div>\n\t\t\t\t\t<\/div>\n\t\t\t\t<\/div>\n\t\t\t\t<\/div>\n\t\t","protected":false},"excerpt":{"rendered":"<p>Aktualno\u015bci Pakiet Mobilno\u015bci LUTY 2022 13.01.2022 Nadchodz\u0105 zmiany dotycz\u0105ce pakietu mobilno\u015bci, wchodz\u0105 w \u017cycie z dniem 02.02.2022r. W ruchu kabota\u017cowym nadal pozostaje regulacja ZEZWALAJ\u0104CA na wykonanie 3 przewoz\u00f3w kabota\u017cowych w ci\u0105gu 7 dni.Pakiet Mobilno\u015bci NAK\u0141ADA dodatkowy obowi\u0105zek 4-dniowej PRZERWY pomi\u0119dzy kolejnymi kabota\u017cami !! w tym samym KRAJU !! Przewo\u017anicy maj\u0105cy pojazdy do 3,5 tony musz\u0105 [&hellip;]<\/p>\n","protected":false},"author":1,"featured_media":0,"parent":0,"menu_order":0,"comment_status":"closed","ping_status":"closed","template":"","meta":{"ocean_post_layout":"full-screen","ocean_both_sidebars_style":"","ocean_both_sidebars_content_width":0,"ocean_both_sidebars_sidebars_width":0,"ocean_sidebar":"","ocean_second_sidebar":"","ocean_disable_margins":"enable","ocean_add_body_class":"","ocean_shortcode_before_top_bar":"","ocean_shortcode_after_top_bar":"","ocean_shortcode_before_header":"","ocean_shortcode_after_header":"","ocean_has_shortcode":"","ocean_shortcode_after_title":"","ocean_shortcode_before_footer_widgets":"","ocean_shortcode_after_footer_widgets":"","ocean_shortcode_before_footer_bottom":"","ocean_shortcode_after_footer_bottom":"","ocean_display_top_bar":"off","ocean_display_header":"on","ocean_header_style":"","ocean_center_header_left_menu":"","ocean_custom_header_template":"","ocean_custom_logo":0,"ocean_custom_retina_logo":0,"ocean_custom_logo_max_width":0,"ocean_custom_logo_tablet_max_width":0,"ocean_custom_logo_mobile_max_width":0,"ocean_custom_logo_max_height":0,"ocean_custom_logo_tablet_max_height":0,"ocean_custom_logo_mobile_max_height":0,"ocean_header_custom_menu":"","ocean_menu_typo_font_family":"","ocean_menu_typo_font_subset":"","ocean_menu_typo_font_size":0,"ocean_menu_typo_font_size_tablet":0,"ocean_menu_typo_font_size_mobile":0,"ocean_menu_typo_font_size_unit":"px","ocean_menu_typo_font_weight":"","ocean_menu_typo_font_weight_tablet":"","ocean_menu_typo_font_weight_mobile":"","ocean_menu_typo_transform":"","ocean_menu_typo_transform_tablet":"","ocean_menu_typo_transform_mobile":"","ocean_menu_typo_line_height":0,"ocean_menu_typo_line_height_tablet":0,"ocean_menu_typo_line_height_mobile":0,"ocean_menu_typo_line_height_unit":"","ocean_menu_typo_spacing":0,"ocean_menu_typo_spacing_tablet":0,"ocean_menu_typo_spacing_mobile":0,"ocean_menu_typo_spacing_unit":"","ocean_menu_link_color":"","ocean_menu_link_color_hover":"","ocean_menu_link_color_active":"","ocean_menu_link_background":"","ocean_menu_link_hover_background":"","ocean_menu_link_active_background":"","ocean_menu_social_links_bg":"","ocean_menu_social_hover_links_bg":"","ocean_menu_social_links_color":"","ocean_menu_social_hover_links_color":"","ocean_disable_title":"on","ocean_disable_heading":"default","ocean_post_title":"","ocean_post_subheading":"","ocean_post_title_style":"","ocean_post_title_background_color":"","ocean_post_title_background":0,"ocean_post_title_bg_image_position":"","ocean_post_title_bg_image_attachment":"","ocean_post_title_bg_image_repeat":"","ocean_post_title_bg_image_size":"","ocean_post_title_height":0,"ocean_post_title_bg_overlay":0.5,"ocean_post_title_bg_overlay_color":"","ocean_disable_breadcrumbs":"default","ocean_breadcrumbs_color":"","ocean_breadcrumbs_separator_color":"","ocean_breadcrumbs_links_color":"","ocean_breadcrumbs_links_hover_color":"","ocean_display_footer_widgets":"off","ocean_display_footer_bottom":"on","ocean_custom_footer_template":"","footnotes":""},"class_list":["post-18","page","type-page","status-publish","hentry","entry"],"_links":{"self":[{"href":"https:\/\/transrozliczanie.pl\/index.php\/wp-json\/wp\/v2\/pages\/18","targetHints":{"allow":["GET"]}}],"collection":[{"href":"https:\/\/transrozliczanie.pl\/index.php\/wp-json\/wp\/v2\/pages"}],"about":[{"href":"https:\/\/transrozliczanie.pl\/index.php\/wp-json\/wp\/v2\/types\/page"}],"author":[{"embeddable":true,"href":"https:\/\/transrozliczanie.pl\/index.php\/wp-json\/wp\/v2\/users\/1"}],"replies":[{"embeddable":true,"href":"https:\/\/transrozliczanie.pl\/index.php\/wp-json\/wp\/v2\/comments?post=18"}],"version-history":[{"count":23,"href":"https:\/\/transrozliczanie.pl\/index.php\/wp-json\/wp\/v2\/pages\/18\/revisions"}],"predecessor-version":[{"id":309,"href":"https:\/\/transrozliczanie.pl\/index.php\/wp-json\/wp\/v2\/pages\/18\/revisions\/309"}],"wp:attachment":[{"href":"https:\/\/transrozliczanie.pl\/index.php\/wp-json\/wp\/v2\/media?parent=18"}],"curies":[{"name":"wp","href":"https:\/\/api.w.org\/{rel}","templated":true}]}}